{"id":26811,"date":"2022-04-08T10:05:38","date_gmt":"2022-04-08T08:05:38","guid":{"rendered":"https:\/\/www.lechoiseulamboise.com\/recrutement\/"},"modified":"2023-02-09T13:40:00","modified_gmt":"2023-02-09T12:40:00","slug":"recruitment","status":"publish","type":"page","link":"https:\/\/www.lechoiseulamboise.com\/en\/recruitment\/","title":{"rendered":"Recruitment"},"content":{"rendered":"<div class=\"fusion-fullwidth fullwidth-box fusion-builder-row-1 fusion-flex-container gradient-container-1 nonhundred-percent-fullwidth non-hundred-percent-height-scrolling\" style=\"--awb-background-position:left top;--awb-border-sizes-top:0px;--awb-border-sizes-bottom:0px;--awb-border-sizes-left:0px;--awb-border-sizes-right:0px;--awb-border-radius-top-left:0px;--awb-border-radius-top-right:0px;--awb-border-radius-bottom-right:0px;--awb-border-radius-bottom-left:0px;--awb-padding-top:0px;--awb-padding-bottom:0px;--awb-margin-top:0px;--awb-margin-bottom:0px;--awb-flex-wrap:wrap;\" ><div class=\"fusion-builder-row fusion-row fusion-flex-align-items-stretch fusion-flex-justify-content-center fusion-flex-content-wrap\" style=\"max-width:calc( 1100px + 0px );margin-left: calc(-0px \/ 2 );margin-right: calc(-0px \/ 2 );\"><div class=\"fusion-layout-column fusion_builder_column fusion-builder-column-0 fusion_builder_column_1_1 1_1 fusion-flex-column\" style=\"--awb-bg-size:cover;--awb-width-large:100%;--awb-margin-top-large:10px;--awb-spacing-right-large:0px;--awb-margin-bottom-large:10px;--awb-spacing-left-large:0px;--awb-width-medium:100%;--awb-order-medium:0;--awb-spacing-right-medium:0px;--awb-spacing-left-medium:0px;--awb-width-small:100%;--awb-order-small:0;--awb-spacing-right-small:0px;--awb-spacing-left-small:0px;\"><div class=\"fusion-column-wrapper fusion-column-has-shadow fusion-flex-justify-content-flex-start fusion-content-layout-column\"><div class=\"fusion-text fusion-text-1\" style=\"--awb-text-transform:none;--awb-text-font-family:&quot;EB Garamond&quot;;--awb-text-font-style:normal;--awb-text-font-weight:400;\"><p style=\"text-align: left;\"><span style=\"color: #4c5945; font-size: 24px;\">Recruitment<\/span><\/p>\n<div id=\"gtx-trans\">\n<div class=\"gtx-trans-icon\"><\/div>\n<\/div>\n<\/div><div class=\"fusion-text fusion-text-2\" style=\"--awb-text-transform:none;\"><p style=\"text-align: justify;\"><span style=\"font-size: 12pt;\">The Choiseul is located in the heart of the most beautiful French regions and offers a consistent quality of service.<\/span><\/p>\n<\/div><\/div><\/div><div class=\"fusion-layout-column fusion_builder_column fusion-builder-column-1 fusion_builder_column_2_5 2_5 fusion-flex-column fusion-flex-align-self-stretch\" style=\"--awb-bg-position:center center;--awb-bg-size:cover;--awb-width-large:40%;--awb-margin-top-large:10px;--awb-spacing-right-large:0px;--awb-margin-bottom-large:10px;--awb-spacing-left-large:0px;--awb-width-medium:100%;--awb-order-medium:0;--awb-spacing-right-medium:0px;--awb-spacing-left-medium:0px;--awb-width-small:100%;--awb-order-small:0;--awb-spacing-right-small:0px;--awb-spacing-left-small:0px;\"><div class=\"fusion-column-wrapper lazyload fusion-column-has-shadow fusion-flex-justify-content-space-evenly fusion-content-layout-column fusion-empty-column-bg-image fusion-column-has-bg-image\" data-bg-url=\"https:\/\/www.lechoiseulamboise.com\/wp-content\/uploads\/2000x\/Themes\/Nouvel-an\/2022\/cho_nouvel_an_2022_4.jpg\" data-bg=\"https:\/\/www.lechoiseulamboise.com\/wp-content\/uploads\/2000x\/Themes\/Nouvel-an\/2022\/cho_nouvel_an_2022_4.jpg\"><img decoding=\"async\" class=\"fusion-empty-dims-img-placeholder fusion-no-large-visibility\" aria-label=\"cho_nouvel_an_2022_4\" src=\"data:image\/svg+xml,%3Csvg%20xmlns%3D%27http%3A%2F%2Fwww.w3.org%2F2000%2Fsvg%27%20width%3D%272000%27%20height%3D%271080%27%20viewBox%3D%270%200%202000%201080%27%3E%3Crect%20width%3D%272000%27%20height%3D%271080%27%20fill-opacity%3D%220%22%2F%3E%3C%2Fsvg%3E\"><\/div><\/div><div class=\"fusion-layout-column fusion_builder_column fusion-builder-column-2 fusion_builder_column_3_5 3_5 fusion-flex-column fusion-flex-align-self-stretch\" style=\"--awb-padding-top:40px;--awb-padding-bottom:40px;--awb-padding-left:29px;--awb-bg-color:#ffffff;--awb-bg-color-hover:#ffffff;--awb-bg-size:cover;--awb-width-large:60%;--awb-margin-top-large:10px;--awb-spacing-right-large:0px;--awb-margin-bottom-large:10px;--awb-spacing-left-large:0px;--awb-width-medium:100%;--awb-spacing-right-medium:0px;--awb-spacing-left-medium:0px;--awb-width-small:100%;--awb-spacing-right-small:0px;--awb-spacing-left-small:0px;\"><div class=\"fusion-column-wrapper fusion-flex-justify-content-center fusion-content-layout-column\"><div class=\"fusion-title title fusion-title-1 fusion-sep-none fusion-title-text fusion-title-size-two\" style=\"--awb-margin-top:-20px;--awb-margin-bottom:0px;--awb-sep-color:#997f00;\"><h2 class=\"fusion-title-heading title-heading-left fusion-responsive-typography-calculated\" style=\"margin:0;--fontSize:26;line-height:1.69;\"><p style=\"text-align: left;\"><span style=\"font-size: 18pt;\"><em><span style=\"color: #4c5945;\"><span style=\"color: #4c5945;\"><span style=\"font-size: 18pt;\">4-star Hotel-restaurant in Amboise<\/span> <\/span><\/span><\/em><\/span><\/p><\/h2><\/div><div class=\"fusion-text fusion-text-3\" style=\"--awb-text-transform:none;\"><p style=\"text-align: justify;\">A charming 18th century ch\u00e2teau-hotel just a stone&#8217;s throw from the centre of Amboise, the Choiseul is ideally located for visiting the city&#8217;s must-see sites: the Royal Ch\u00e2teau of Amboise, the Clos Luc\u00e9, the Domaine Royal de Ch\u00e2teau Gaillard.<br \/>\n30 rooms and suites<br \/>\nGastronomic restaurant Le 36<\/p>\n<\/div><div class=\"fusion-title title fusion-title-2 fusion-sep-none fusion-title-text fusion-title-size-two\" style=\"--awb-margin-top:-20px;--awb-margin-bottom:0px;--awb-sep-color:#997f00;\"><h2 class=\"fusion-title-heading title-heading-left fusion-responsive-typography-calculated\" style=\"margin:0;--fontSize:26;line-height:1.69;\"><p style=\"text-align: left;\"><span style=\"font-size: 17pt;\"><em><span style=\"color: #4c5945;\">Our values<\/span><\/em><\/span><\/p><\/h2><\/div><div class=\"fusion-text fusion-text-4\" style=\"--awb-text-transform:none;\"><p style=\"text-align: justify;\">You will work in a rewarding environment. We focus on professional training and offer many career opportunities. Every year we recruit young people from hotel schools as well as experienced professionals.<\/p>\n<\/div><div class=\"fusion-text fusion-text-5\" style=\"--awb-text-transform:none;\"><p style=\"text-align: justify;\">All year round, we recruit ma\u00eetres d&#8217;h\u00f4tels, chefs de rang, chefs de partie, clerks, chambermaids, receptionists&#8230;<\/p>\n<\/div><\/div><\/div><div class=\"fusion-layout-column fusion_builder_column fusion-builder-column-3 fusion_builder_column_2_5 2_5 fusion-flex-column fusion-flex-align-self-flex-start\" style=\"--awb-padding-top:10px;--awb-padding-right:10px;--awb-padding-bottom:10px;--awb-padding-left:70px;--awb-bg-color:#ffffff;--awb-bg-color-hover:#ffffff;--awb-bg-size:cover;--awb-width-large:40%;--awb-margin-top-large:10px;--awb-spacing-right-large:0px;--awb-margin-bottom-large:10px;--awb-spacing-left-large:0px;--awb-width-medium:100%;--awb-order-medium:0;--awb-spacing-right-medium:0px;--awb-spacing-left-medium:0px;--awb-width-small:100%;--awb-order-small:0;--awb-spacing-right-small:0px;--awb-spacing-left-small:0px;\"><div class=\"fusion-column-wrapper fusion-column-has-shadow fusion-flex-justify-content-space-evenly fusion-content-layout-column\"><div class=\"fusion-title title fusion-title-3 fusion-sep-none fusion-title-text fusion-title-size-two\" style=\"--awb-margin-top:10px;--awb-margin-bottom:10px;--awb-sep-color:#997f00;\"><h2 class=\"fusion-title-heading title-heading-left fusion-responsive-typography-calculated\" style=\"margin:0;--fontSize:26;line-height:1.69;\"><p style=\"text-align: left;\"><span style=\"font-size: 18pt;\"><em><span style=\"color: #4c5945;\">Job offers at Le Choiseul<\/span><\/em><\/span><\/p><\/h2><\/div><div class=\"fusion-text fusion-text-6\" style=\"--awb-text-transform:none;\"><p><strong>Chef de rang<\/strong><\/p>\n<div id=\"gtx-trans\">\n<div class=\"gtx-trans-icon\"><\/div>\n<\/div>\n<\/div><div class=\"fusion-text fusion-text-7\" style=\"--awb-text-transform:none;\"><p><strong>Chef de partie<\/strong><\/p>\n<div id=\"gtx-trans\">\n<div class=\"gtx-trans-icon\"><\/div>\n<\/div>\n<\/div><div class=\"fusion-text fusion-text-8\" style=\"--awb-text-transform:none;\"><p><strong>Chambermaid (season)<\/strong><\/p>\n<div id=\"gtx-trans\">\n<div class=\"gtx-trans-icon\"><\/div>\n<\/div>\n<\/div><div class=\"fusion-text fusion-text-9\" style=\"--awb-text-transform:none;\"><p><strong>Night auditor<\/strong><\/p>\n<\/div><div ><a class=\"fusion-button button-flat fusion-button-default-size button-custom fusion-button-default button-1 fusion-button-default-span fusion-button-default-type fusion-has-button-gradient\" style=\"--button_accent_color:#ffffff;--button_accent_hover_color:#ffffff;--button_border_hover_color:#ffffff;--button_gradient_top_color:var(--awb-custom14);--button_gradient_bottom_color:var(--awb-custom_color_1);--button_gradient_top_color_hover:var(--awb-custom_color_1);--button_gradient_bottom_color_hover:var(--awb-custom14);\" target=\"_self\" href=\"https:\/\/www.lechoiseulamboise.com\/contact-emploi\/\"><span class=\"fusion-button-text\">Send your CV<\/span><\/a><\/div><\/div><\/div><div class=\"fusion-layout-column fusion_builder_column fusion-builder-column-4 fusion_builder_column_3_5 3_5 fusion-flex-column fusion-flex-align-self-center\" style=\"--awb-padding-top:10px;--awb-padding-right:10px;--awb-padding-bottom:10px;--awb-padding-left:10px;--awb-bg-color:#ffffff;--awb-bg-color-hover:#ffffff;--awb-bg-size:cover;--awb-width-large:60%;--awb-margin-top-large:10px;--awb-spacing-right-large:0px;--awb-margin-bottom-large:10px;--awb-spacing-left-large:17px;--awb-width-medium:100%;--awb-order-medium:0;--awb-spacing-right-medium:0px;--awb-spacing-left-medium:0px;--awb-width-small:100%;--awb-order-small:0;--awb-spacing-right-small:0px;--awb-spacing-left-small:0px;\"><div class=\"fusion-column-wrapper fusion-column-has-shadow fusion-flex-justify-content-space-evenly fusion-content-layout-column\"><div class=\"fusion-title title fusion-title-4 fusion-sep-none fusion-title-center fusion-title-text fusion-title-size-two\" style=\"--awb-margin-top:10px;--awb-margin-bottom:10px;--awb-sep-color:#997f00;\"><h2 class=\"fusion-title-heading title-heading-center fusion-responsive-typography-calculated\" style=\"margin:0;--fontSize:26;line-height:1.69;\"><p style=\"text-align: center;\"><span style=\"font-size: 18pt;\"><em><span style=\"color: #4c5945;\">Work in Amboise<\/span><\/em><\/span><\/p><\/h2><\/div><div class=\"fusion-text fusion-text-10\" style=\"--awb-text-transform:none;--awb-text-color:var(--awb-custom14);\"><p style=\"text-align: justify;\">The professionals of the city of Amboise launch a promotional campaign #amboiserecrute<br \/>\nThe aim: to highlight the advantages of the region (housing, good living, activities) and present the professions that are recruiting<br \/>\nWatch the video presentation<br \/>\nOthers to be found on<br \/>\nThe youtube channel <a style=\"color: #000000;\" href=\"https:\/\/www.youtube.com\/channel\/UC3_sI6J24Sa55LQNu1ygTcQ\" target=\"_blank\" rel=\"noopener\">#amboiserecrute<\/a><\/p>\n<\/div><div class=\"fusion-video fusion-youtube\" style=\"--awb-max-width:600px;--awb-max-height:360px;\"><div class=\"video-shortcode\"><priv-fac-lite-youtube class=\"fusion-hidden lty-load\" data-privacy-type=\"youtube\" videoid=\"iv0-28UFlfo\" class=\"landscape\" params=\"wmode=transparent&autoplay=1&enablejsapi=1\" title=\"YouTube video player 1\" width=\"600\" height=\"360\" data-thumbnail-size=\"auto\"><\/priv-fac-lite-youtube><div class=\"fusion-privacy-placeholder\" style=\"width:600px; height:360px;\" data-privacy-type=\"youtube\"><div class=\"fusion-privacy-placeholder-content\"><div class=\"fusion-privacy-label\">For privacy reasons YouTube needs your permission to be loaded.<\/div><button data-privacy-type=\"youtube\" class=\"fusion-button button-default fusion-button-default-size button fusion-privacy-consent\">I Accept<\/button><\/div><\/div><\/div><\/div><\/div><\/div><\/div><\/div>\n","protected":false},"excerpt":{"rendered":"","protected":false},"author":1,"featured_media":0,"parent":0,"menu_order":0,"comment_status":"closed","ping_status":"closed","template":"","meta":{"footnotes":""},"class_list":["post-26811","page","type-page","status-publish","hentry"],"yoast_head":"<!-- This site is optimized with the Yoast SEO plugin v27.4 - https:\/\/yoast.com\/product\/yoast-seo-wordpress\/ -->\n<title>H\u00f4tel Le Choiseul Amboise | Loire Valley | Job Offers<\/title>\n<meta name=\"description\" content=\"Job offers: hotel-restaurant Le Choiseul in Amboise - Indre et Loire. Chef de rang, chef de partie, chambermaid \/ valet\" \/>\n<meta name=\"robots\" content=\"index, follow, max-snippet:-1, max-image-preview:large, max-video-preview:-1\" \/>\n<link rel=\"canonical\" href=\"https:\/\/www.lechoiseulamboise.com\/en\/recruitment\/\" \/>\n<meta property=\"og:locale\" content=\"en_US\" \/>\n<meta property=\"og:type\" content=\"article\" \/>\n<meta property=\"og:title\" content=\"H\u00f4tel Le Choiseul Amboise | Loire Valley | Job Offers\" \/>\n<meta property=\"og:description\" content=\"Job offers: hotel-restaurant Le Choiseul in Amboise - Indre et Loire. Chef de rang, chef de partie, chambermaid \/ valet\" \/>\n<meta property=\"og:url\" content=\"https:\/\/www.lechoiseulamboise.com\/en\/recruitment\/\" \/>\n<meta property=\"og:site_name\" content=\"Hotel Restaurant - le Choiseul - Amboise - Site Officiel\" \/>\n<meta property=\"article:publisher\" content=\"https:\/\/fr-fr.facebook.com\/lechoiseul\" \/>\n<meta property=\"article:modified_time\" content=\"2023-02-09T12:40:00+00:00\" \/>\n<meta property=\"og:image\" content=\"https:\/\/www.lechoiseulamboise.com\/wp-content\/uploads\/1200x\/choiseul_exterieures_007-1.jpg\" \/>\n\t<meta property=\"og:image:width\" content=\"1200\" \/>\n\t<meta property=\"og:image:height\" content=\"649\" \/>\n\t<meta property=\"og:image:type\" content=\"image\/jpeg\" \/>\n<meta name=\"twitter:card\" content=\"summary_large_image\" \/>\n<meta name=\"twitter:label1\" content=\"Est. reading time\" \/>\n\t<meta name=\"twitter:data1\" content=\"4 minutes\" \/>\n<script type=\"application\/ld+json\" class=\"yoast-schema-graph\">{\"@context\":\"https:\\\/\\\/schema.org\",\"@graph\":[{\"@type\":\"WebPage\",\"@id\":\"https:\\\/\\\/www.lechoiseulamboise.com\\\/en\\\/recruitment\\\/\",\"url\":\"https:\\\/\\\/www.lechoiseulamboise.com\\\/en\\\/recruitment\\\/\",\"name\":\"H\u00f4tel Le Choiseul Amboise | Loire Valley | Job Offers\",\"isPartOf\":{\"@id\":\"https:\\\/\\\/www.lechoiseulamboise.com\\\/en\\\/#website\"},\"datePublished\":\"2022-04-08T08:05:38+00:00\",\"dateModified\":\"2023-02-09T12:40:00+00:00\",\"description\":\"Job offers: hotel-restaurant Le Choiseul in Amboise - Indre et Loire. Chef de rang, chef de partie, chambermaid \\\/ valet\",\"breadcrumb\":{\"@id\":\"https:\\\/\\\/www.lechoiseulamboise.com\\\/en\\\/recruitment\\\/#breadcrumb\"},\"inLanguage\":\"en-US\",\"potentialAction\":[{\"@type\":\"ReadAction\",\"target\":[\"https:\\\/\\\/www.lechoiseulamboise.com\\\/en\\\/recruitment\\\/\"]}]},{\"@type\":\"BreadcrumbList\",\"@id\":\"https:\\\/\\\/www.lechoiseulamboise.com\\\/en\\\/recruitment\\\/#breadcrumb\",\"itemListElement\":[{\"@type\":\"ListItem\",\"position\":1,\"name\":\"Accueil\",\"item\":\"https:\\\/\\\/www.lechoiseulamboise.com\\\/en\\\/\"},{\"@type\":\"ListItem\",\"position\":2,\"name\":\"Recruitment\"}]},{\"@type\":\"WebSite\",\"@id\":\"https:\\\/\\\/www.lechoiseulamboise.com\\\/en\\\/#website\",\"url\":\"https:\\\/\\\/www.lechoiseulamboise.com\\\/en\\\/\",\"name\":\"Hotel Restaurant - le Choiseul - Amboise - Site Officiel\",\"description\":\"\",\"publisher\":{\"@id\":\"https:\\\/\\\/www.lechoiseulamboise.com\\\/en\\\/#organization\"},\"potentialAction\":[{\"@type\":\"SearchAction\",\"target\":{\"@type\":\"EntryPoint\",\"urlTemplate\":\"https:\\\/\\\/www.lechoiseulamboise.com\\\/en\\\/?s={search_term_string}\"},\"query-input\":{\"@type\":\"PropertyValueSpecification\",\"valueRequired\":true,\"valueName\":\"search_term_string\"}}],\"inLanguage\":\"en-US\"},{\"@type\":\"Organization\",\"@id\":\"https:\\\/\\\/www.lechoiseulamboise.com\\\/en\\\/#organization\",\"name\":\"Hotel Le Choiseul Amboise\",\"url\":\"https:\\\/\\\/www.lechoiseulamboise.com\\\/en\\\/\",\"logo\":{\"@type\":\"ImageObject\",\"inLanguage\":\"en-US\",\"@id\":\"https:\\\/\\\/www.lechoiseulamboise.com\\\/en\\\/#\\\/schema\\\/logo\\\/image\\\/\",\"url\":\"https:\\\/\\\/www.lechoiseulamboise.com\\\/wp-content\\\/uploads\\\/2023\\\/01\\\/cho_logo_marugal_mobile.png\",\"contentUrl\":\"https:\\\/\\\/www.lechoiseulamboise.com\\\/wp-content\\\/uploads\\\/2023\\\/01\\\/cho_logo_marugal_mobile.png\",\"width\":1153,\"height\":547,\"caption\":\"Hotel Le Choiseul Amboise\"},\"image\":{\"@id\":\"https:\\\/\\\/www.lechoiseulamboise.com\\\/en\\\/#\\\/schema\\\/logo\\\/image\\\/\"},\"sameAs\":[\"https:\\\/\\\/fr-fr.facebook.com\\\/lechoiseul\",\"https:\\\/\\\/www.instagram.com\\\/lechoiseul\\\/\",\"https:\\\/\\\/www.linkedin.com\\\/company\\\/lechoiseul\\\/\"]}]}<\/script>\n<!-- \/ Yoast SEO plugin. -->","yoast_head_json":{"title":"H\u00f4tel Le Choiseul Amboise | Loire Valley | Job Offers","description":"Job offers: hotel-restaurant Le Choiseul in Amboise - Indre et Loire. Chef de rang, chef de partie, chambermaid \/ valet","robots":{"index":"index","follow":"follow","max-snippet":"max-snippet:-1","max-image-preview":"max-image-preview:large","max-video-preview":"max-video-preview:-1"},"canonical":"https:\/\/www.lechoiseulamboise.com\/en\/recruitment\/","og_locale":"en_US","og_type":"article","og_title":"H\u00f4tel Le Choiseul Amboise | Loire Valley | Job Offers","og_description":"Job offers: hotel-restaurant Le Choiseul in Amboise - Indre et Loire. Chef de rang, chef de partie, chambermaid \/ valet","og_url":"https:\/\/www.lechoiseulamboise.com\/en\/recruitment\/","og_site_name":"Hotel Restaurant - le Choiseul - Amboise - Site Officiel","article_publisher":"https:\/\/fr-fr.facebook.com\/lechoiseul","article_modified_time":"2023-02-09T12:40:00+00:00","og_image":[{"width":1200,"height":649,"url":"https:\/\/www.lechoiseulamboise.com\/wp-content\/uploads\/1200x\/choiseul_exterieures_007-1.jpg","type":"image\/jpeg"}],"twitter_card":"summary_large_image","twitter_misc":{"Est. reading time":"4 minutes"},"schema":{"@context":"https:\/\/schema.org","@graph":[{"@type":"WebPage","@id":"https:\/\/www.lechoiseulamboise.com\/en\/recruitment\/","url":"https:\/\/www.lechoiseulamboise.com\/en\/recruitment\/","name":"H\u00f4tel Le Choiseul Amboise | Loire Valley | Job Offers","isPartOf":{"@id":"https:\/\/www.lechoiseulamboise.com\/en\/#website"},"datePublished":"2022-04-08T08:05:38+00:00","dateModified":"2023-02-09T12:40:00+00:00","description":"Job offers: hotel-restaurant Le Choiseul in Amboise - Indre et Loire. Chef de rang, chef de partie, chambermaid \/ valet","breadcrumb":{"@id":"https:\/\/www.lechoiseulamboise.com\/en\/recruitment\/#breadcrumb"},"inLanguage":"en-US","potentialAction":[{"@type":"ReadAction","target":["https:\/\/www.lechoiseulamboise.com\/en\/recruitment\/"]}]},{"@type":"BreadcrumbList","@id":"https:\/\/www.lechoiseulamboise.com\/en\/recruitment\/#breadcrumb","itemListElement":[{"@type":"ListItem","position":1,"name":"Accueil","item":"https:\/\/www.lechoiseulamboise.com\/en\/"},{"@type":"ListItem","position":2,"name":"Recruitment"}]},{"@type":"WebSite","@id":"https:\/\/www.lechoiseulamboise.com\/en\/#website","url":"https:\/\/www.lechoiseulamboise.com\/en\/","name":"Hotel Restaurant - le Choiseul - Amboise - Site Officiel","description":"","publisher":{"@id":"https:\/\/www.lechoiseulamboise.com\/en\/#organization"},"potentialAction":[{"@type":"SearchAction","target":{"@type":"EntryPoint","urlTemplate":"https:\/\/www.lechoiseulamboise.com\/en\/?s={search_term_string}"},"query-input":{"@type":"PropertyValueSpecification","valueRequired":true,"valueName":"search_term_string"}}],"inLanguage":"en-US"},{"@type":"Organization","@id":"https:\/\/www.lechoiseulamboise.com\/en\/#organization","name":"Hotel Le Choiseul Amboise","url":"https:\/\/www.lechoiseulamboise.com\/en\/","logo":{"@type":"ImageObject","inLanguage":"en-US","@id":"https:\/\/www.lechoiseulamboise.com\/en\/#\/schema\/logo\/image\/","url":"https:\/\/www.lechoiseulamboise.com\/wp-content\/uploads\/2023\/01\/cho_logo_marugal_mobile.png","contentUrl":"https:\/\/www.lechoiseulamboise.com\/wp-content\/uploads\/2023\/01\/cho_logo_marugal_mobile.png","width":1153,"height":547,"caption":"Hotel Le Choiseul Amboise"},"image":{"@id":"https:\/\/www.lechoiseulamboise.com\/en\/#\/schema\/logo\/image\/"},"sameAs":["https:\/\/fr-fr.facebook.com\/lechoiseul","https:\/\/www.instagram.com\/lechoiseul\/","https:\/\/www.linkedin.com\/company\/lechoiseul\/"]}]}},"_links":{"self":[{"href":"https:\/\/www.lechoiseulamboise.com\/en\/wp-json\/wp\/v2\/pages\/26811","targetHints":{"allow":["GET"]}}],"collection":[{"href":"https:\/\/www.lechoiseulamboise.com\/en\/wp-json\/wp\/v2\/pages"}],"about":[{"href":"https:\/\/www.lechoiseulamboise.com\/en\/wp-json\/wp\/v2\/types\/page"}],"author":[{"embeddable":true,"href":"https:\/\/www.lechoiseulamboise.com\/en\/wp-json\/wp\/v2\/users\/1"}],"replies":[{"embeddable":true,"href":"https:\/\/www.lechoiseulamboise.com\/en\/wp-json\/wp\/v2\/comments?post=26811"}],"version-history":[{"count":5,"href":"https:\/\/www.lechoiseulamboise.com\/en\/wp-json\/wp\/v2\/pages\/26811\/revisions"}],"predecessor-version":[{"id":26990,"href":"https:\/\/www.lechoiseulamboise.com\/en\/wp-json\/wp\/v2\/pages\/26811\/revisions\/26990"}],"wp:attachment":[{"href":"https:\/\/www.lechoiseulamboise.com\/en\/wp-json\/wp\/v2\/media?parent=26811"}],"curies":[{"name":"wp","href":"https:\/\/api.w.org\/{rel}","templated":true}]}}