{"id":27437,"date":"2023-10-28T11:11:33","date_gmt":"2023-10-28T09:11:33","guid":{"rendered":"https:\/\/www.lechoiseulamboise.com\/nos-sejours-et-offres-speciales\/"},"modified":"2023-10-31T12:31:29","modified_gmt":"2023-10-31T11:31:29","slug":"our-stays-special-offers","status":"publish","type":"page","link":"https:\/\/www.lechoiseulamboise.com\/en\/our-stays-special-offers\/","title":{"rendered":"Our stays &#038; Special offers"},"content":{"rendered":"<div class=\"fusion-fullwidth fullwidth-box fusion-builder-row-1 fusion-flex-container gradient-container-1 nonhundred-percent-fullwidth non-hundred-percent-height-scrolling\" style=\"--awb-border-radius-top-left:0px;--awb-border-radius-top-right:0px;--awb-border-radius-bottom-right:0px;--awb-border-radius-bottom-left:0px;--awb-padding-bottom:0px;--awb-flex-wrap:wrap;\" ><div class=\"fusion-builder-row fusion-row fusion-flex-align-items-flex-start fusion-flex-content-wrap\" style=\"max-width:1144px;margin-left: calc(-4% \/ 2 );margin-right: calc(-4% \/ 2 );\"><div class=\"fusion-layout-column fusion_builder_column fusion-builder-column-0 fusion_builder_column_1_1 1_1 fusion-flex-column\" style=\"--awb-bg-blend:overlay;--awb-bg-size:cover;--awb-width-large:100%;--awb-margin-top-large:0px;--awb-spacing-right-large:2.56%;--awb-margin-bottom-large:0px;--awb-spacing-left-large:1.92%;--awb-width-medium:100%;--awb-spacing-right-medium:1.92%;--awb-spacing-left-medium:1.92%;--awb-width-small:100%;--awb-spacing-right-small:1.92%;--awb-spacing-left-small:1.92%;\"><div class=\"fusion-column-wrapper fusion-flex-justify-content-flex-start fusion-content-layout-column\"><div class=\"fusion-title title fusion-title-1 fusion-sep-none fusion-title-text fusion-title-size-one\" style=\"--awb-text-color:var(--awb-custom14);--awb-margin-bottom:40px;--awb-font-size:35px;\"><h1 class=\"fusion-title-heading title-heading-left fusion-responsive-typography-calculated\" style=\"margin:0;font-size:1em;--fontSize:35;line-height:1.10;\">Our stays &amp; Special offers<\/h1><\/div><style type=\"text\/css\">.fusion-portfolio-wrapper#fusion-portfolio-1 .fusion-portfolio-content{ padding: 25px 25px 25px 25px; text-align: center; }<\/style><div class=\"fusion-recent-works fusion-portfolio-element fusion-portfolio fusion-portfolio-1 fusion-portfolio-grid fusion-portfolio-paging-pagination fusion-portfolio-three fusion-portfolio-boxed fusion-portfolio-text fusion-portfolio-equal-heights\" data-id=\"-rw-1\" data-columns=\"three\"><style type=\"text\/css\">.fusion-portfolio-1 .fusion-portfolio-wrapper .fusion-col-spacing{padding:5px;}<\/style><div class=\"fusion-portfolio-wrapper\" id=\"fusion-portfolio-1\" data-picturesize=\"auto\" data-pages=\"1\" style=\"margin:-5px;\"><article id=\"portfolio-1-post-27896\" class=\"fusion-portfolio-post fusion-col-spacing post-27896\"><div class=\"fusion-portfolio-content-wrapper\" style=\"border:1px solid #ebeaea;border-bottom-width:3px;background-color:rgba(255,255,255,0);\"><div  class=\"fusion-image-wrapper\" aria-haspopup=\"true\">\n\t\t\t\t\t\t\t<a href=\"https:\/\/www.lechoiseulamboise.com\/en\/stays-and-offers\/brunch-at-le-choiseul\/\" aria-label=\"Brunch at Le Choiseul\">\n\t\t\t\t\t\t\t<img decoding=\"async\" width=\"1500\" height=\"813\" src=\"https:\/\/www.lechoiseulamboise.com\/wp-content\/uploads\/Petitdejeuner.jpg\" class=\"attachment-full size-full lazyload wp-post-image\" alt=\"\" srcset=\"data:image\/svg+xml,%3Csvg%20xmlns%3D%27http%3A%2F%2Fwww.w3.org%2F2000%2Fsvg%27%20width%3D%271500%27%20height%3D%27813%27%20viewBox%3D%270%200%201500%20813%27%3E%3Crect%20width%3D%271500%27%20height%3D%27813%27%20fill-opacity%3D%220%22%2F%3E%3C%2Fsvg%3E\" data-orig-src=\"https:\/\/www.lechoiseulamboise.com\/wp-content\/uploads\/Petitdejeuner.jpg\" data-srcset=\"https:\/\/www.lechoiseulamboise.com\/wp-content\/uploads\/Petitdejeuner-200x108.jpg 200w, https:\/\/www.lechoiseulamboise.com\/wp-content\/uploads\/Petitdejeuner-400x217.jpg 400w, https:\/\/www.lechoiseulamboise.com\/wp-content\/uploads\/Petitdejeuner-600x325.jpg 600w, https:\/\/www.lechoiseulamboise.com\/wp-content\/uploads\/Petitdejeuner-800x434.jpg 800w, https:\/\/www.lechoiseulamboise.com\/wp-content\/uploads\/Petitdejeuner-1200x650.jpg 1200w, https:\/\/www.lechoiseulamboise.com\/wp-content\/uploads\/Petitdejeuner.jpg 1500w\" data-sizes=\"auto\" \/>\t\t\t<\/a>\n\t\t\t\t\t\t\t<\/div>\n<div class=\"fusion-portfolio-content\" style=\"background-color:rgba(255,255,255,0);\"><h2 class=\"entry-title fusion-post-title\"><a href=\"https:\/\/www.lechoiseulamboise.com\/en\/stays-and-offers\/brunch-at-le-choiseul\/\">Brunch at Le Choiseul<\/a><\/h2><div class=\"fusion-content-sep sep-shadow\" style=\"border-color:#e0dede;\"><\/div><div class=\"fusion-post-content\"><p>Share a gourmet moment with a delicious brunch in the heart of Amboise.<\/p><\/div><\/div><\/div><\/article><article id=\"portfolio-1-post-27441\" class=\"fusion-portfolio-post fusion-col-spacing post-27441\"><div class=\"fusion-portfolio-content-wrapper\" style=\"border:1px solid #ebeaea;border-bottom-width:3px;background-color:rgba(255,255,255,0);\"><div  class=\"fusion-image-wrapper\" aria-haspopup=\"true\">\n\t\t\t\t\t\t\t<a href=\"https:\/\/www.lechoiseulamboise.com\/en\/stays-and-offers\/amboise-all-in-one\/\" aria-label=\"Amboise all in one\">\n\t\t\t\t\t\t\t<img decoding=\"async\" width=\"1500\" height=\"810\" src=\"https:\/\/www.lechoiseulamboise.com\/wp-content\/uploads\/Touraine\/parc-mini-chateaux-e1698490290976.jpg\" class=\"attachment-full size-full lazyload wp-post-image\" alt=\"\" srcset=\"data:image\/svg+xml,%3Csvg%20xmlns%3D%27http%3A%2F%2Fwww.w3.org%2F2000%2Fsvg%27%20width%3D%271500%27%20height%3D%27810%27%20viewBox%3D%270%200%201500%20810%27%3E%3Crect%20width%3D%271500%27%20height%3D%27810%27%20fill-opacity%3D%220%22%2F%3E%3C%2Fsvg%3E\" data-orig-src=\"https:\/\/www.lechoiseulamboise.com\/wp-content\/uploads\/Touraine\/parc-mini-chateaux-e1698490290976.jpg\" data-srcset=\"https:\/\/www.lechoiseulamboise.com\/wp-content\/uploads\/Touraine\/parc-mini-chateaux-e1698490290976-200x108.jpg 200w, https:\/\/www.lechoiseulamboise.com\/wp-content\/uploads\/Touraine\/parc-mini-chateaux-e1698490290976-400x216.jpg 400w, https:\/\/www.lechoiseulamboise.com\/wp-content\/uploads\/Touraine\/parc-mini-chateaux-e1698490290976-600x324.jpg 600w, https:\/\/www.lechoiseulamboise.com\/wp-content\/uploads\/Touraine\/parc-mini-chateaux-e1698490290976-800x432.jpg 800w, https:\/\/www.lechoiseulamboise.com\/wp-content\/uploads\/Touraine\/parc-mini-chateaux-e1698490290976-1200x648.jpg 1200w, https:\/\/www.lechoiseulamboise.com\/wp-content\/uploads\/Touraine\/parc-mini-chateaux-e1698490290976.jpg 1500w\" data-sizes=\"auto\" \/>\t\t\t<\/a>\n\t\t\t\t\t\t\t<\/div>\n<div class=\"fusion-portfolio-content\" style=\"background-color:rgba(255,255,255,0);\"><h2 class=\"entry-title fusion-post-title\"><a href=\"https:\/\/www.lechoiseulamboise.com\/en\/stays-and-offers\/amboise-all-in-one\/\">Amboise all in one<\/a><\/h2><div class=\"fusion-content-sep sep-shadow\" style=\"border-color:#e0dede;\"><\/div><div class=\"fusion-post-content\"><p>Visits of the Royal Castle and the Clos Luc\u00e9 and wine tasting<\/p><\/div><\/div><\/div><\/article><article id=\"portfolio-1-post-27445\" class=\"fusion-portfolio-post fusion-col-spacing post-27445\"><div class=\"fusion-portfolio-content-wrapper\" style=\"border:1px solid #ebeaea;border-bottom-width:3px;background-color:rgba(255,255,255,0);\"><div  class=\"fusion-image-wrapper\" aria-haspopup=\"true\">\n\t\t\t\t\t\t\t<a href=\"https:\/\/www.lechoiseulamboise.com\/en\/stays-and-offers\/touraine-gourmet-getaway\/\" aria-label=\"Touraine Gourmet Getaway\">\n\t\t\t\t\t\t\t<img decoding=\"async\" width=\"2000\" height=\"1080\" src=\"https:\/\/www.lechoiseulamboise.com\/wp-content\/uploads\/Le-Choiseul-Amboise-Restaurant-Le-36-16.jpg\" class=\"attachment-full size-full lazyload wp-post-image\" alt=\"\" srcset=\"data:image\/svg+xml,%3Csvg%20xmlns%3D%27http%3A%2F%2Fwww.w3.org%2F2000%2Fsvg%27%20width%3D%272000%27%20height%3D%271080%27%20viewBox%3D%270%200%202000%201080%27%3E%3Crect%20width%3D%272000%27%20height%3D%271080%27%20fill-opacity%3D%220%22%2F%3E%3C%2Fsvg%3E\" data-orig-src=\"https:\/\/www.lechoiseulamboise.com\/wp-content\/uploads\/Le-Choiseul-Amboise-Restaurant-Le-36-16.jpg\" data-srcset=\"https:\/\/www.lechoiseulamboise.com\/wp-content\/uploads\/Le-Choiseul-Amboise-Restaurant-Le-36-16-200x108.jpg 200w, https:\/\/www.lechoiseulamboise.com\/wp-content\/uploads\/Le-Choiseul-Amboise-Restaurant-Le-36-16-400x216.jpg 400w, https:\/\/www.lechoiseulamboise.com\/wp-content\/uploads\/Le-Choiseul-Amboise-Restaurant-Le-36-16-600x324.jpg 600w, https:\/\/www.lechoiseulamboise.com\/wp-content\/uploads\/Le-Choiseul-Amboise-Restaurant-Le-36-16-800x432.jpg 800w, https:\/\/www.lechoiseulamboise.com\/wp-content\/uploads\/Le-Choiseul-Amboise-Restaurant-Le-36-16-1200x648.jpg 1200w, https:\/\/www.lechoiseulamboise.com\/wp-content\/uploads\/Le-Choiseul-Amboise-Restaurant-Le-36-16.jpg 2000w\" data-sizes=\"auto\" \/>\t\t\t<\/a>\n\t\t\t\t\t\t\t<\/div>\n<div class=\"fusion-portfolio-content\" style=\"background-color:rgba(255,255,255,0);\"><h2 class=\"entry-title fusion-post-title\"><a href=\"https:\/\/www.lechoiseulamboise.com\/en\/stays-and-offers\/touraine-gourmet-getaway\/\">Touraine Gourmet Getaway<\/a><\/h2><div class=\"fusion-content-sep sep-shadow\" style=\"border-color:#e0dede;\"><\/div><div class=\"fusion-post-content\"><p>Special offer for a French gastronomic getaway in Amboise with our Chef Lionel Arnaud<\/p><\/div><\/div><\/div><\/article><article id=\"portfolio-1-post-27434\" class=\"fusion-portfolio-post fusion-col-spacing post-27434\"><div class=\"fusion-portfolio-content-wrapper\" style=\"border:1px solid #ebeaea;border-bottom-width:3px;background-color:rgba(255,255,255,0);\"><div  class=\"fusion-image-wrapper\" aria-haspopup=\"true\">\n\t\t\t\t\t\t\t<a href=\"https:\/\/www.lechoiseulamboise.com\/en\/stays-and-offers\/fabulous-gardens-of-touraine\/\" aria-label=\"Fabulous gardens of Touraine\">\n\t\t\t\t\t\t\t<img decoding=\"async\" width=\"2000\" height=\"1080\" src=\"https:\/\/www.lechoiseulamboise.com\/wp-content\/uploads\/1200x\/chaumont_1018-e1678463105899.jpg\" class=\"attachment-full size-full lazyload wp-post-image\" alt=\"Gardens Festival Chaumont\" srcset=\"data:image\/svg+xml,%3Csvg%20xmlns%3D%27http%3A%2F%2Fwww.w3.org%2F2000%2Fsvg%27%20width%3D%272000%27%20height%3D%271080%27%20viewBox%3D%270%200%202000%201080%27%3E%3Crect%20width%3D%272000%27%20height%3D%271080%27%20fill-opacity%3D%220%22%2F%3E%3C%2Fsvg%3E\" data-orig-src=\"https:\/\/www.lechoiseulamboise.com\/wp-content\/uploads\/1200x\/chaumont_1018-e1678463105899.jpg\" data-srcset=\"https:\/\/www.lechoiseulamboise.com\/wp-content\/uploads\/1200x\/chaumont_1018-e1678463105899-200x108.jpg 200w, https:\/\/www.lechoiseulamboise.com\/wp-content\/uploads\/1200x\/chaumont_1018-e1678463105899-400x216.jpg 400w, https:\/\/www.lechoiseulamboise.com\/wp-content\/uploads\/1200x\/chaumont_1018-e1678463105899-600x324.jpg 600w, https:\/\/www.lechoiseulamboise.com\/wp-content\/uploads\/1200x\/chaumont_1018-e1678463105899-800x432.jpg 800w, https:\/\/www.lechoiseulamboise.com\/wp-content\/uploads\/1200x\/chaumont_1018-e1678463105899-1200x648.jpg 1200w, https:\/\/www.lechoiseulamboise.com\/wp-content\/uploads\/1200x\/chaumont_1018-e1678463105899.jpg 2000w\" data-sizes=\"auto\" \/>\t\t\t<\/a>\n\t\t\t\t\t\t\t<\/div>\n<div class=\"fusion-portfolio-content\" style=\"background-color:rgba(255,255,255,0);\"><h2 class=\"entry-title fusion-post-title\"><a href=\"https:\/\/www.lechoiseulamboise.com\/en\/stays-and-offers\/fabulous-gardens-of-touraine\/\">Fabulous gardens of Touraine<\/a><\/h2><div class=\"fusion-content-sep sep-shadow\" style=\"border-color:#e0dede;\"><\/div><div class=\"fusion-post-content\"><p>Discover the Touraine through its gardens: international festival of Chaumont and visit of Ch\u00e2teau Gaillard in Amboise.<\/p><\/div><\/div><\/div><\/article><article id=\"portfolio-1-post-27443\" class=\"fusion-portfolio-post fusion-col-spacing post-27443\"><div class=\"fusion-portfolio-content-wrapper\" style=\"border:1px solid #ebeaea;border-bottom-width:3px;background-color:rgba(255,255,255,0);\"><div  class=\"fusion-image-wrapper\" aria-haspopup=\"true\">\n\t\t\t\t\t\t\t<a href=\"https:\/\/www.lechoiseulamboise.com\/en\/stays-and-offers\/from-amboise-castle-to-chambord\/\" aria-label=\"From Amboise to Chambord\">\n\t\t\t\t\t\t\t<img decoding=\"async\" width=\"2000\" height=\"1125\" src=\"data:image\/svg+xml,%3Csvg%20xmlns%3D%27http%3A%2F%2Fwww.w3.org%2F2000%2Fsvg%27%20width%3D%272000%27%20height%3D%271125%27%20viewBox%3D%270%200%202000%201125%27%3E%3Crect%20width%3D%272000%27%20height%3D%271125%27%20fill-opacity%3D%220%22%2F%3E%3C%2Fsvg%3E\" class=\"attachment-full size-full lazyload wp-post-image\" alt=\"\" data-orig-src=\"https:\/\/www.lechoiseulamboise.com\/wp-content\/uploads\/chateau-d-amboise-nuit-e1698485128577.jpg\" \/>\t\t\t<\/a>\n\t\t\t\t\t\t\t<\/div>\n<div class=\"fusion-portfolio-content\" style=\"background-color:rgba(255,255,255,0);\"><h2 class=\"entry-title fusion-post-title\"><a href=\"https:\/\/www.lechoiseulamboise.com\/en\/stays-and-offers\/from-amboise-castle-to-chambord\/\">From Amboise to Chambord<\/a><\/h2><div class=\"fusion-content-sep sep-shadow\" style=\"border-color:#e0dede;\"><\/div><div class=\"fusion-post-content\"><p>An exciting itinerary on the route of the Loire castles<\/p><\/div><\/div><\/div><\/article><\/div><\/div><\/div><\/div><\/div><\/div>\n","protected":false},"excerpt":{"rendered":"","protected":false},"author":1,"featured_media":0,"parent":0,"menu_order":0,"comment_status":"closed","ping_status":"closed","template":"","meta":{"footnotes":""},"class_list":["post-27437","page","type-page","status-publish","hentry"],"yoast_head":"<!-- This site is optimized with the Yoast SEO plugin v27.4 - https:\/\/yoast.com\/product\/yoast-seo-wordpress\/ -->\n<title>H\u00f4tel Le Choiseul Amboise | Val de Loire | Nos S\u00e9jours et Offres<\/title>\n<meta name=\"description\" content=\"D\u00e9couvrez nos id\u00e9es de s\u00e9jours et offres \u00e0 r\u00e9server en ligne. H\u00f4tel Le Choiseul Amboise situ\u00e9 au pied du ch\u00e2teau, au c\u0153ur du Val de Loire.\" \/>\n<meta name=\"robots\" content=\"index, follow, max-snippet:-1, max-image-preview:large, max-video-preview:-1\" \/>\n<link rel=\"canonical\" href=\"https:\/\/www.lechoiseulamboise.com\/en\/our-stays-special-offers\/\" \/>\n<meta property=\"og:locale\" content=\"en_US\" \/>\n<meta property=\"og:type\" content=\"article\" \/>\n<meta property=\"og:title\" content=\"H\u00f4tel Le Choiseul Amboise | Val de Loire | Nos S\u00e9jours et Offres\" \/>\n<meta property=\"og:description\" content=\"D\u00e9couvrez nos id\u00e9es de s\u00e9jours et offres \u00e0 r\u00e9server en ligne. H\u00f4tel Le Choiseul Amboise situ\u00e9 au pied du ch\u00e2teau, au c\u0153ur du Val de Loire.\" \/>\n<meta property=\"og:url\" content=\"https:\/\/www.lechoiseulamboise.com\/en\/our-stays-special-offers\/\" \/>\n<meta property=\"og:site_name\" content=\"Hotel Restaurant - le Choiseul - Amboise - Site Officiel\" \/>\n<meta property=\"article:publisher\" content=\"https:\/\/fr-fr.facebook.com\/lechoiseul\" \/>\n<meta property=\"article:modified_time\" content=\"2023-10-31T11:31:29+00:00\" \/>\n<meta property=\"og:image\" content=\"https:\/\/www.lechoiseulamboise.com\/wp-content\/uploads\/1200x\/choiseul_exterieures_007-1.jpg\" \/>\n\t<meta property=\"og:image:width\" content=\"1200\" \/>\n\t<meta property=\"og:image:height\" content=\"649\" \/>\n\t<meta property=\"og:image:type\" content=\"image\/jpeg\" \/>\n<meta name=\"twitter:card\" content=\"summary_large_image\" \/>\n<meta name=\"twitter:label1\" content=\"Est. reading time\" \/>\n\t<meta name=\"twitter:data1\" content=\"1 minute\" \/>\n<script type=\"application\/ld+json\" class=\"yoast-schema-graph\">{\"@context\":\"https:\\\/\\\/schema.org\",\"@graph\":[{\"@type\":\"WebPage\",\"@id\":\"https:\\\/\\\/www.lechoiseulamboise.com\\\/en\\\/our-stays-special-offers\\\/\",\"url\":\"https:\\\/\\\/www.lechoiseulamboise.com\\\/en\\\/our-stays-special-offers\\\/\",\"name\":\"H\u00f4tel Le Choiseul Amboise | Val de Loire | Nos S\u00e9jours et Offres\",\"isPartOf\":{\"@id\":\"https:\\\/\\\/www.lechoiseulamboise.com\\\/en\\\/#website\"},\"datePublished\":\"2023-10-28T09:11:33+00:00\",\"dateModified\":\"2023-10-31T11:31:29+00:00\",\"description\":\"D\u00e9couvrez nos id\u00e9es de s\u00e9jours et offres \u00e0 r\u00e9server en ligne. H\u00f4tel Le Choiseul Amboise situ\u00e9 au pied du ch\u00e2teau, au c\u0153ur du Val de Loire.\",\"breadcrumb\":{\"@id\":\"https:\\\/\\\/www.lechoiseulamboise.com\\\/en\\\/our-stays-special-offers\\\/#breadcrumb\"},\"inLanguage\":\"en-US\",\"potentialAction\":[{\"@type\":\"ReadAction\",\"target\":[\"https:\\\/\\\/www.lechoiseulamboise.com\\\/en\\\/our-stays-special-offers\\\/\"]}]},{\"@type\":\"BreadcrumbList\",\"@id\":\"https:\\\/\\\/www.lechoiseulamboise.com\\\/en\\\/our-stays-special-offers\\\/#breadcrumb\",\"itemListElement\":[{\"@type\":\"ListItem\",\"position\":1,\"name\":\"Accueil\",\"item\":\"https:\\\/\\\/www.lechoiseulamboise.com\\\/en\\\/\"},{\"@type\":\"ListItem\",\"position\":2,\"name\":\"Our stays &#038; Special offers\"}]},{\"@type\":\"WebSite\",\"@id\":\"https:\\\/\\\/www.lechoiseulamboise.com\\\/en\\\/#website\",\"url\":\"https:\\\/\\\/www.lechoiseulamboise.com\\\/en\\\/\",\"name\":\"Hotel Restaurant - le Choiseul - Amboise - Site Officiel\",\"description\":\"\",\"publisher\":{\"@id\":\"https:\\\/\\\/www.lechoiseulamboise.com\\\/en\\\/#organization\"},\"potentialAction\":[{\"@type\":\"SearchAction\",\"target\":{\"@type\":\"EntryPoint\",\"urlTemplate\":\"https:\\\/\\\/www.lechoiseulamboise.com\\\/en\\\/?s={search_term_string}\"},\"query-input\":{\"@type\":\"PropertyValueSpecification\",\"valueRequired\":true,\"valueName\":\"search_term_string\"}}],\"inLanguage\":\"en-US\"},{\"@type\":\"Organization\",\"@id\":\"https:\\\/\\\/www.lechoiseulamboise.com\\\/en\\\/#organization\",\"name\":\"Hotel Le Choiseul Amboise\",\"url\":\"https:\\\/\\\/www.lechoiseulamboise.com\\\/en\\\/\",\"logo\":{\"@type\":\"ImageObject\",\"inLanguage\":\"en-US\",\"@id\":\"https:\\\/\\\/www.lechoiseulamboise.com\\\/en\\\/#\\\/schema\\\/logo\\\/image\\\/\",\"url\":\"https:\\\/\\\/www.lechoiseulamboise.com\\\/wp-content\\\/uploads\\\/2023\\\/01\\\/cho_logo_marugal_mobile.png\",\"contentUrl\":\"https:\\\/\\\/www.lechoiseulamboise.com\\\/wp-content\\\/uploads\\\/2023\\\/01\\\/cho_logo_marugal_mobile.png\",\"width\":1153,\"height\":547,\"caption\":\"Hotel Le Choiseul Amboise\"},\"image\":{\"@id\":\"https:\\\/\\\/www.lechoiseulamboise.com\\\/en\\\/#\\\/schema\\\/logo\\\/image\\\/\"},\"sameAs\":[\"https:\\\/\\\/fr-fr.facebook.com\\\/lechoiseul\",\"https:\\\/\\\/www.instagram.com\\\/lechoiseul\\\/\",\"https:\\\/\\\/www.linkedin.com\\\/company\\\/lechoiseul\\\/\"]}]}<\/script>\n<!-- \/ Yoast SEO plugin. -->","yoast_head_json":{"title":"H\u00f4tel Le Choiseul Amboise | Val de Loire | Nos S\u00e9jours et Offres","description":"D\u00e9couvrez nos id\u00e9es de s\u00e9jours et offres \u00e0 r\u00e9server en ligne. H\u00f4tel Le Choiseul Amboise situ\u00e9 au pied du ch\u00e2teau, au c\u0153ur du Val de Loire.","robots":{"index":"index","follow":"follow","max-snippet":"max-snippet:-1","max-image-preview":"max-image-preview:large","max-video-preview":"max-video-preview:-1"},"canonical":"https:\/\/www.lechoiseulamboise.com\/en\/our-stays-special-offers\/","og_locale":"en_US","og_type":"article","og_title":"H\u00f4tel Le Choiseul Amboise | Val de Loire | Nos S\u00e9jours et Offres","og_description":"D\u00e9couvrez nos id\u00e9es de s\u00e9jours et offres \u00e0 r\u00e9server en ligne. H\u00f4tel Le Choiseul Amboise situ\u00e9 au pied du ch\u00e2teau, au c\u0153ur du Val de Loire.","og_url":"https:\/\/www.lechoiseulamboise.com\/en\/our-stays-special-offers\/","og_site_name":"Hotel Restaurant - le Choiseul - Amboise - Site Officiel","article_publisher":"https:\/\/fr-fr.facebook.com\/lechoiseul","article_modified_time":"2023-10-31T11:31:29+00:00","og_image":[{"width":1200,"height":649,"url":"https:\/\/www.lechoiseulamboise.com\/wp-content\/uploads\/1200x\/choiseul_exterieures_007-1.jpg","type":"image\/jpeg"}],"twitter_card":"summary_large_image","twitter_misc":{"Est. reading time":"1 minute"},"schema":{"@context":"https:\/\/schema.org","@graph":[{"@type":"WebPage","@id":"https:\/\/www.lechoiseulamboise.com\/en\/our-stays-special-offers\/","url":"https:\/\/www.lechoiseulamboise.com\/en\/our-stays-special-offers\/","name":"H\u00f4tel Le Choiseul Amboise | Val de Loire | Nos S\u00e9jours et Offres","isPartOf":{"@id":"https:\/\/www.lechoiseulamboise.com\/en\/#website"},"datePublished":"2023-10-28T09:11:33+00:00","dateModified":"2023-10-31T11:31:29+00:00","description":"D\u00e9couvrez nos id\u00e9es de s\u00e9jours et offres \u00e0 r\u00e9server en ligne. H\u00f4tel Le Choiseul Amboise situ\u00e9 au pied du ch\u00e2teau, au c\u0153ur du Val de Loire.","breadcrumb":{"@id":"https:\/\/www.lechoiseulamboise.com\/en\/our-stays-special-offers\/#breadcrumb"},"inLanguage":"en-US","potentialAction":[{"@type":"ReadAction","target":["https:\/\/www.lechoiseulamboise.com\/en\/our-stays-special-offers\/"]}]},{"@type":"BreadcrumbList","@id":"https:\/\/www.lechoiseulamboise.com\/en\/our-stays-special-offers\/#breadcrumb","itemListElement":[{"@type":"ListItem","position":1,"name":"Accueil","item":"https:\/\/www.lechoiseulamboise.com\/en\/"},{"@type":"ListItem","position":2,"name":"Our stays &#038; Special offers"}]},{"@type":"WebSite","@id":"https:\/\/www.lechoiseulamboise.com\/en\/#website","url":"https:\/\/www.lechoiseulamboise.com\/en\/","name":"Hotel Restaurant - le Choiseul - Amboise - Site Officiel","description":"","publisher":{"@id":"https:\/\/www.lechoiseulamboise.com\/en\/#organization"},"potentialAction":[{"@type":"SearchAction","target":{"@type":"EntryPoint","urlTemplate":"https:\/\/www.lechoiseulamboise.com\/en\/?s={search_term_string}"},"query-input":{"@type":"PropertyValueSpecification","valueRequired":true,"valueName":"search_term_string"}}],"inLanguage":"en-US"},{"@type":"Organization","@id":"https:\/\/www.lechoiseulamboise.com\/en\/#organization","name":"Hotel Le Choiseul Amboise","url":"https:\/\/www.lechoiseulamboise.com\/en\/","logo":{"@type":"ImageObject","inLanguage":"en-US","@id":"https:\/\/www.lechoiseulamboise.com\/en\/#\/schema\/logo\/image\/","url":"https:\/\/www.lechoiseulamboise.com\/wp-content\/uploads\/2023\/01\/cho_logo_marugal_mobile.png","contentUrl":"https:\/\/www.lechoiseulamboise.com\/wp-content\/uploads\/2023\/01\/cho_logo_marugal_mobile.png","width":1153,"height":547,"caption":"Hotel Le Choiseul Amboise"},"image":{"@id":"https:\/\/www.lechoiseulamboise.com\/en\/#\/schema\/logo\/image\/"},"sameAs":["https:\/\/fr-fr.facebook.com\/lechoiseul","https:\/\/www.instagram.com\/lechoiseul\/","https:\/\/www.linkedin.com\/company\/lechoiseul\/"]}]}},"_links":{"self":[{"href":"https:\/\/www.lechoiseulamboise.com\/en\/wp-json\/wp\/v2\/pages\/27437","targetHints":{"allow":["GET"]}}],"collection":[{"href":"https:\/\/www.lechoiseulamboise.com\/en\/wp-json\/wp\/v2\/pages"}],"about":[{"href":"https:\/\/www.lechoiseulamboise.com\/en\/wp-json\/wp\/v2\/types\/page"}],"author":[{"embeddable":true,"href":"https:\/\/www.lechoiseulamboise.com\/en\/wp-json\/wp\/v2\/users\/1"}],"replies":[{"embeddable":true,"href":"https:\/\/www.lechoiseulamboise.com\/en\/wp-json\/wp\/v2\/comments?post=27437"}],"version-history":[{"count":4,"href":"https:\/\/www.lechoiseulamboise.com\/en\/wp-json\/wp\/v2\/pages\/27437\/revisions"}],"predecessor-version":[{"id":27513,"href":"https:\/\/www.lechoiseulamboise.com\/en\/wp-json\/wp\/v2\/pages\/27437\/revisions\/27513"}],"wp:attachment":[{"href":"https:\/\/www.lechoiseulamboise.com\/en\/wp-json\/wp\/v2\/media?parent=27437"}],"curies":[{"name":"wp","href":"https:\/\/api.w.org\/{rel}","templated":true}]}}